{"id":13,"date":"2026-02-24T02:38:29","date_gmt":"2026-02-24T02:38:29","guid":{"rendered":"https:\/\/soizy.education\/?page_id=13"},"modified":"2026-02-26T07:40:21","modified_gmt":"2026-02-26T07:40:21","slug":"gioi-thieu","status":"publish","type":"page","link":"https:\/\/soizy.education\/?page_id=13","title":{"rendered":"Gi\u1edbi Thi\u1ec7u"},"content":{"rendered":"\n<h2 class=\"wp-block-heading has-text-align-center\">Gi\u1edbi thi\u1ec7u v\u1ec1 SO IZY Education \u2013 H\u1ecdc sinh l\u00e0 trung t\u00e2m c\u1ee7a m\u1ecdi ho\u1ea1t \u0111\u1ed9ng<\/h2>\n\n\n\n<div class=\"wp-block-columns is-layout-flex wp-container-core-columns-is-layout-28f84493 wp-block-columns-is-layout-flex\">\n<div class=\"wp-block-column is-layout-flow wp-block-column-is-layout-flow\">\n<figure class=\"wp-block-image size-full\"><img loading=\"lazy\" decoding=\"async\" width=\"500\" height=\"500\" src=\"https:\/\/soizy.education\/wp-content\/uploads\/2026\/02\/tranthimyan-2.png\" alt=\"\" class=\"wp-image-132\" srcset=\"https:\/\/soizy.education\/wp-content\/uploads\/2026\/02\/tranthimyan-2.png 500w, https:\/\/soizy.education\/wp-content\/uploads\/2026\/02\/tranthimyan-2-300x300.png 300w, https:\/\/soizy.education\/wp-content\/uploads\/2026\/02\/tranthimyan-2-150x150.png 150w\" sizes=\"auto, (max-width: 500px) 100vw, 500px\" \/><\/figure>\n<\/div>\n\n\n\n<div class=\"wp-block-column is-layout-flow wp-block-column-is-layout-flow\" style=\"padding-top:var(--wp--preset--spacing--xx-large);padding-bottom:var(--wp--preset--spacing--xx-large)\">\n<blockquote class=\"wp-block-quote is-layout-flow wp-block-quote-is-layout-flow\">\n<p><strong>SO IZY Education<\/strong> l\u00e0 h\u1ec7 th\u1ed1ng trung t\u00e2m gi\u00e1o d\u1ee5c v\u1edbi h\u01a1n 10 n\u0103m ho\u1ea1t \u0111\u1ed9ng, \u0111\u1ecbnh h\u01b0\u1edbng ph\u00e1t tri\u1ec3n h\u1ecdc sinh theo m\u00f4 h\u00ecnh c\u00e1 nh\u00e2n h\u00f3a v\u00e0 \u1ee9ng d\u1ee5ng c\u00f4ng ngh\u1ec7 v\u00e0o gi\u1ea3ng d\u1ea1y.<\/p>\n\n\n\n<p><\/p>\n\n\n\n<p>Ng\u01b0\u1eddi \u0111\u1ee9ng \u0111\u1ea7u h\u1ec7 th\u1ed1ng l\u00e0 <strong>Tr\u1ea7n Th\u1ecb M\u1ef9 An<\/strong> \u2013 nh\u00e0 s\u00e1ng l\u1eadp v\u1edbi t\u1ea7m nh\u00ecn x\u00e2y d\u1ef1ng m\u00f4i tr\u01b0\u1eddng h\u1ecdc t\u1eadp ch\u1ee7 \u0111\u1ed9ng, hi\u1ec7n \u0111\u1ea1i v\u00e0 t\u1ea1o ra s\u1ef1 thay \u0111\u1ed5i t\u00edch c\u1ef1c cho t\u1eebng h\u1ecdc sinh.<\/p>\n<\/blockquote>\n<\/div>\n<\/div>\n\n\n\n<h2 class=\"wp-block-heading has-text-align-center\">T\u1ea7m nh\u00ecn &amp; S\u1ee9 m\u1ec7nh c\u1ee7a SO IZY Education<\/h2>\n\n\n\n<div class=\"wp-block-columns is-layout-flex wp-container-core-columns-is-layout-28f84493 wp-block-columns-is-layout-flex\">\n<div class=\"wp-block-column is-layout-flow wp-block-column-is-layout-flow\">\n<div class=\"wp-block-group is-vertical is-content-justification-center is-layout-flex wp-container-core-group-is-layout-fa38c63a wp-block-group-is-layout-flex\">\n<figure class=\"wp-block-image size-full\"><img loading=\"lazy\" decoding=\"async\" width=\"213\" height=\"213\" src=\"https:\/\/soizy.education\/wp-content\/uploads\/2026\/02\/tam-nhin-su-menh-01-1.png\" alt=\"\" class=\"wp-image-143\" srcset=\"https:\/\/soizy.education\/wp-content\/uploads\/2026\/02\/tam-nhin-su-menh-01-1.png 213w, https:\/\/soizy.education\/wp-content\/uploads\/2026\/02\/tam-nhin-su-menh-01-1-150x150.png 150w\" sizes=\"auto, (max-width: 213px) 100vw, 213px\" \/><\/figure>\n\n\n\n<div class=\"wp-block-group is-vertical is-layout-flex wp-container-core-group-is-layout-fe9cc265 wp-block-group-is-layout-flex\">\n<p>SO IZY Education h\u01b0\u1edbng \u0111\u1ebfn vi\u1ec7c thi\u1ebft k\u1ebf <strong>ch\u01b0\u01a1ng tr\u00ecnh h\u1ecdc c\u00e1 nh\u00e2n h\u00f3a theo n\u0103ng l\u1ef1c<\/strong> c\u1ee7a t\u1eebng h\u1ecdc sinh. Trung t\u00e2m \u1ee9ng d\u1ee5ng c\u00f4ng ngh\u1ec7 v\u00e0o qu\u00e1 tr\u00ecnh gi\u1ea3ng d\u1ea1y nh\u1eb1m h\u1ed7 tr\u1ee3 c\u00e1c em trong h\u1ecdc t\u1eadp, r\u00e8n luy\u1ec7n k\u1ef9 n\u0103ng v\u00e0 ph\u00e1t tri\u1ec3n t\u01b0 duy to\u00e0n di\u1ec7n.<\/p>\n\n\n\n<p>Trong su\u1ed1t h\u00e0nh tr\u00ecnh h\u01a1n m\u1ed9t th\u1eadp k\u1ef7, SO IZY Education \u0111\u00e3 \u0111\u1ed3ng h\u00e0nh c\u00f9ng nhi\u1ec1u h\u1ecdc sinh thay \u0111\u1ed5i k\u1ebft qu\u1ea3 h\u1ecdc t\u1eadp theo h\u01b0\u1edbng t\u00edch c\u1ef1c v\u00e0 b\u1ec1n v\u1eefng.<\/p>\n<\/div>\n<\/div>\n<\/div>\n\n\n\n<div class=\"wp-block-column is-layout-flow wp-block-column-is-layout-flow\">\n<figure class=\"wp-block-image aligncenter size-full\"><img loading=\"lazy\" decoding=\"async\" width=\"213\" height=\"213\" src=\"https:\/\/soizy.education\/wp-content\/uploads\/2026\/02\/tam-nhin-su-menh-02.png\" alt=\"\" class=\"wp-image-145\" srcset=\"https:\/\/soizy.education\/wp-content\/uploads\/2026\/02\/tam-nhin-su-menh-02.png 213w, https:\/\/soizy.education\/wp-content\/uploads\/2026\/02\/tam-nhin-su-menh-02-150x150.png 150w\" sizes=\"auto, (max-width: 213px) 100vw, 213px\" \/><\/figure>\n\n\n\n<div class=\"wp-block-group is-vertical is-layout-flex wp-container-core-group-is-layout-fe9cc265 wp-block-group-is-layout-flex\">\n<p>SO IZY Education mong mu\u1ed1n gi\u00fap h\u1ecdc sinh:<\/p>\n\n\n\n<ul class=\"wp-block-list\">\n<li>Ch\u1ee7 \u0111\u1ed9ng trong h\u1ecdc t\u1eadp<\/li>\n\n\n\n<li>T\u1ef1 tin th\u1ec3 hi\u1ec7n b\u1ea3n th\u00e2n<\/li>\n\n\n\n<li>N\u00e2ng cao kh\u1ea3 n\u0103ng ti\u1ebfp thu ki\u1ebfn th\u1ee9c<\/li>\n\n\n\n<li>Ho\u00e0n thi\u1ec7n k\u1ef9 n\u0103ng h\u1ecdc t\u1eadp v\u00e0 k\u1ef9 n\u0103ng m\u1ec1m<\/li>\n\n\n\n<li>\u0110\u1ea1t \u0111\u01b0\u1ee3c th\u00e0nh t\u00edch t\u1ed1t v\u1ec1 \u0111i\u1ec3m s\u1ed1 v\u00e0 n\u0103ng l\u1ef1c th\u1ef1c t\u1ebf<\/li>\n<\/ul>\n\n\n\n<p>Ch\u00fang t\u00f4i tin r\u1eb1ng: <strong>Khi h\u1ecdc sinh l\u00e0 trung t\u00e2m, k\u1ebft qu\u1ea3 ch\u1ec9 l\u00e0 h\u1ec7 qu\u1ea3.<\/strong><\/p>\n<\/div>\n<\/div>\n<\/div>\n\n\n\n<div class=\"wp-block-columns is-layout-flex wp-container-core-columns-is-layout-28f84493 wp-block-columns-is-layout-flex\">\n<div class=\"wp-block-column is-layout-flow wp-block-column-is-layout-flow\" style=\"flex-basis:33.33%\">\n<h2 class=\"wp-block-heading\">Ph\u01b0\u01a1ng ph\u00e1p gi\u1ea3ng d\u1ea1y t\u1ea1i SO IZY Education<\/h2>\n\n\n\n<blockquote class=\"wp-block-quote is-layout-flow wp-block-quote-is-layout-flow\">\n<p>Kh\u00e1c v\u1edbi m\u00f4 h\u00ecnh d\u1ea1y h\u1ecdc \u0111\u1ea1i tr\u00e0, SO IZY Education t\u1eadp trung v\u00e0o:<\/p>\n\n\n\n<ul class=\"wp-block-list\">\n<li><strong>C\u00e1 nh\u00e2n h\u00f3a l\u1ed9 tr\u00ecnh h\u1ecdc<\/strong><\/li>\n\n\n\n<li>Theo s\u00e1t ti\u1ebfn \u0111\u1ed9 t\u1eebng h\u1ecdc sinh<\/li>\n\n\n\n<li>\u1ee8ng d\u1ee5ng c\u00f4ng ngh\u1ec7 h\u1ed7 tr\u1ee3 h\u1ecdc t\u1eadp<\/li>\n\n\n\n<li>M\u00f4i tr\u01b0\u1eddng h\u1ecdc t\u1eadp t\u00edch c\u1ef1c, t\u01b0\u01a1ng t\u00e1c cao<\/li>\n\n\n\n<li>\u0110\u1ed9i ng\u0169 gi\u00e1o vi\u00ean t\u1eadn t\u00e2m, gi\u00e0u kinh nghi\u1ec7m<\/li>\n<\/ul>\n\n\n\n<p>M\u1ed7i l\u1edbp h\u1ecdc kh\u00f4ng ch\u1ec9 l\u00e0 n\u01a1i truy\u1ec1n \u0111\u1ea1t ki\u1ebfn th\u1ee9c, m\u00e0 c\u00f2n l\u00e0 kh\u00f4ng gian gi\u00fap h\u1ecdc sinh ph\u00e1t tri\u1ec3n t\u01b0 duy, ph\u1ea3n bi\u1ec7n v\u00e0 k\u1ef9 n\u0103ng gi\u1ea3i quy\u1ebft v\u1ea5n \u0111\u1ec1.<\/p>\n<\/blockquote>\n<\/div>\n\n\n\n<div class=\"wp-block-column is-layout-flow wp-block-column-is-layout-flow\" style=\"flex-basis:66.66%\">\n<figure class=\"wp-block-image aligncenter size-full is-resized\"><img loading=\"lazy\" decoding=\"async\" width=\"500\" height=\"500\" src=\"https:\/\/soizy.education\/wp-content\/uploads\/2026\/02\/phuong-phap-giang-day.gif\" alt=\"\" class=\"wp-image-150\" style=\"width:595px;height:auto\"\/><\/figure>\n<\/div>\n<\/div>\n\n\n\n<div class=\"wp-block-columns is-layout-flex wp-container-core-columns-is-layout-28f84493 wp-block-columns-is-layout-flex\">\n<div class=\"wp-block-column is-layout-flow wp-block-column-is-layout-flow\">\n<div class=\"wp-block-columns is-layout-flex wp-container-core-columns-is-layout-28f84493 wp-block-columns-is-layout-flex\">\n<div class=\"wp-block-column is-layout-flow wp-block-column-is-layout-flow\">\n<div class=\"wp-block-columns is-layout-flex wp-container-core-columns-is-layout-28f84493 wp-block-columns-is-layout-flex\">\n<div class=\"wp-block-column is-layout-flow wp-block-column-is-layout-flow\">\n<div class=\"wp-block-group is-nowrap is-layout-flex wp-container-core-group-is-layout-6c531013 wp-block-group-is-layout-flex\">\n<div class=\"wp-block-group wp-container-content-a5fc19f1 has-global-padding is-layout-constrained wp-block-group-is-layout-constrained\">\n<figure class=\"wp-block-image aligncenter size-full has-custom-border wp-container-content-9cfa9a5a\"><img loading=\"lazy\" decoding=\"async\" width=\"696\" height=\"477\" src=\"https:\/\/soizy.education\/wp-content\/uploads\/2026\/02\/2024090214533270123.png\" alt=\"\" class=\"wp-image-168\" style=\"border-radius:15px;aspect-ratio:3\/4;object-fit:cover\" srcset=\"https:\/\/soizy.education\/wp-content\/uploads\/2026\/02\/2024090214533270123.png 696w, https:\/\/soizy.education\/wp-content\/uploads\/2026\/02\/2024090214533270123-300x206.png 300w\" sizes=\"auto, (max-width: 696px) 100vw, 696px\" \/><\/figure>\n\n\n\n<div class=\"wp-block-group has-border-color has-highlight-border-color has-pure-white-background-color has-background has-global-padding is-layout-constrained wp-container-core-group-is-layout-19e250f3 wp-block-group-is-layout-constrained\" style=\"border-width:2px;border-radius:15px\">\n<h2 class=\"wp-block-heading has-text-align-center\">10+<\/h2>\n\n\n\n<h6 class=\"wp-block-heading has-text-align-center\">N\u0103m Ho\u1ea1t \u0110\u1ed9ng<\/h6>\n<\/div>\n<\/div>\n\n\n\n<div class=\"wp-block-group wp-container-content-b99e70a5 has-global-padding is-layout-constrained wp-block-group-is-layout-constrained\">\n<figure class=\"wp-block-image aligncenter size-full has-custom-border\"><img loading=\"lazy\" decoding=\"async\" width=\"1920\" height=\"1287\" src=\"https:\/\/soizy.education\/wp-content\/uploads\/2026\/02\/xcanandaasoc2023a3-1.jpg.pagespeed.ic_.KlgOuy0uKO-1.jpg\" alt=\"\" class=\"wp-image-166\" style=\"border-radius:15px\" srcset=\"https:\/\/soizy.education\/wp-content\/uploads\/2026\/02\/xcanandaasoc2023a3-1.jpg.pagespeed.ic_.KlgOuy0uKO-1.jpg 1920w, https:\/\/soizy.education\/wp-content\/uploads\/2026\/02\/xcanandaasoc2023a3-1.jpg.pagespeed.ic_.KlgOuy0uKO-1-300x201.jpg 300w, https:\/\/soizy.education\/wp-content\/uploads\/2026\/02\/xcanandaasoc2023a3-1.jpg.pagespeed.ic_.KlgOuy0uKO-1-1024x686.jpg 1024w, https:\/\/soizy.education\/wp-content\/uploads\/2026\/02\/xcanandaasoc2023a3-1.jpg.pagespeed.ic_.KlgOuy0uKO-1-768x515.jpg 768w, https:\/\/soizy.education\/wp-content\/uploads\/2026\/02\/xcanandaasoc2023a3-1.jpg.pagespeed.ic_.KlgOuy0uKO-1-1536x1030.jpg 1536w\" sizes=\"auto, (max-width: 1920px) 100vw, 1920px\" \/><\/figure>\n\n\n\n<figure class=\"wp-block-image aligncenter size-full has-custom-border\"><img loading=\"lazy\" decoding=\"async\" width=\"600\" height=\"360\" src=\"https:\/\/soizy.education\/wp-content\/uploads\/2026\/02\/TQAI_A2-1743146522997.jpg\" alt=\"\" class=\"wp-image-167\" style=\"border-radius:15px\" srcset=\"https:\/\/soizy.education\/wp-content\/uploads\/2026\/02\/TQAI_A2-1743146522997.jpg 600w, https:\/\/soizy.education\/wp-content\/uploads\/2026\/02\/TQAI_A2-1743146522997-300x180.jpg 300w\" sizes=\"auto, (max-width: 600px) 100vw, 600px\" \/><\/figure>\n<\/div>\n<\/div>\n<\/div>\n<\/div>\n<\/div>\n<\/div>\n<\/div>\n\n\n\n<div class=\"wp-block-column is-layout-flow wp-block-column-is-layout-flow\" style=\"padding-top:var(--wp--preset--spacing--large);padding-bottom:var(--wp--preset--spacing--large)\">\n<h2 class=\"wp-block-heading\">V\u00ec sao ph\u1ee5 huynh l\u1ef1a ch\u1ecdn SO IZY Education?<\/h2>\n\n\n\n<ul class=\"wp-block-list\">\n<li>H\u01a1n 10 n\u0103m kinh nghi\u1ec7m trong l\u0129nh v\u1ef1c gi\u00e1o d\u1ee5c<\/li>\n\n\n\n<li>Ch\u01b0\u01a1ng tr\u00ecnh h\u1ecdc thi\u1ebft k\u1ebf ri\u00eang theo t\u1eebng h\u1ecdc sinh<\/li>\n\n\n\n<li>\u1ee8ng d\u1ee5ng c\u00f4ng ngh\u1ec7 trong qu\u1ea3n l\u00fd v\u00e0 gi\u1ea3ng d\u1ea1y<\/li>\n\n\n\n<li>M\u00f4i tr\u01b0\u1eddng h\u1ecdc t\u1eadp chuy\u00ean nghi\u1ec7p, hi\u1ec7n \u0111\u1ea1i<\/li>\n\n\n\n<li>\u0110\u1ecbnh h\u01b0\u1edbng ph\u00e1t tri\u1ec3n l\u00e2u d\u00e0i thay v\u00ec ch\u1ec9 c\u1ea3i thi\u1ec7n \u0111i\u1ec3m s\u1ed1 ng\u1eafn h\u1ea1n<\/li>\n<\/ul>\n<\/div>\n<\/div>\n\n\n\n<h4 class=\"wp-block-heading\">Th\u00f4ng tin h\u1ec7 th\u1ed1ng SO IZY Education<\/h4>\n\n\n\n<p>C\u01a1 s\u1edf t\u1ea1i H\u00e0 N\u1ed9i<\/p>\n\n\n\n<ul class=\"wp-block-list\">\n<li><strong>Hotline:<\/strong> 0976077276<\/li>\n\n\n\n<li><strong>Email:<\/strong> ann.tran2503@gmail.com<\/li>\n\n\n\n<li><strong>\u0110\u1ecba ch\u1ec9:<\/strong> HM01A-11 Ho\u00e0ng Th\u00e0nh, Nguy\u1ec5n V\u0103n L\u1ed9c, \u0110\u1ea1i M\u1ed7, H\u00e0 N\u1ed9i<\/li>\n\n\n\n<li><strong>Website:<\/strong> https:\/\/www.soizy.education<\/li>\n<\/ul>\n","protected":false},"excerpt":{"rendered":"<p>Gi\u1edbi thi\u1ec7u v\u1ec1 SO IZY Education \u2013 H\u1ecdc sinh l\u00e0 trung t\u00e2m c\u1ee7a m\u1ecdi ho\u1ea1t \u0111\u1ed9ng SO IZY Education l\u00e0 h\u1ec7 th\u1ed1ng trung t\u00e2m gi\u00e1o d\u1ee5c v\u1edbi h\u01a1n 10 n\u0103m ho\u1ea1t \u0111\u1ed9ng, \u0111\u1ecbnh h\u01b0\u1edbng ph\u00e1t tri\u1ec3n h\u1ecdc sinh theo m\u00f4 h\u00ecnh c\u00e1 nh\u00e2n h\u00f3a v\u00e0 \u1ee9ng d\u1ee5ng c\u00f4ng ngh\u1ec7 v\u00e0o gi\u1ea3ng d\u1ea1y. Ng\u01b0\u1eddi \u0111\u1ee9ng \u0111\u1ea7u [&hellip;]<\/p>\n","protected":false},"author":1,"featured_media":0,"parent":0,"menu_order":0,"comment_status":"closed","ping_status":"closed","template":"","meta":{"footnotes":""},"class_list":["post-13","page","type-page","status-publish","hentry"],"yoast_head":"<!-- This site is optimized with the Yoast SEO plugin v27.0 - https:\/\/yoast.com\/product\/yoast-seo-wordpress\/ -->\n<title>Gi\u1edbi Thi\u1ec7u - SO IZY EDUCATION<\/title>\n<meta name=\"robots\" content=\"index, follow, max-snippet:-1, max-image-preview:large, max-video-preview:-1\" \/>\n<link rel=\"canonical\" href=\"https:\/\/soizy.education\/?page_id=13\" \/>\n<meta property=\"og:locale\" content=\"en_US\" \/>\n<meta property=\"og:type\" content=\"article\" \/>\n<meta property=\"og:title\" content=\"Gi\u1edbi Thi\u1ec7u - SO IZY EDUCATION\" \/>\n<meta property=\"og:description\" content=\"Gi\u1edbi thi\u1ec7u v\u1ec1 SO IZY Education \u2013 H\u1ecdc sinh l\u00e0 trung t\u00e2m c\u1ee7a m\u1ecdi ho\u1ea1t \u0111\u1ed9ng SO IZY Education l\u00e0 h\u1ec7 th\u1ed1ng trung t\u00e2m gi\u00e1o d\u1ee5c v\u1edbi h\u01a1n 10 n\u0103m ho\u1ea1t \u0111\u1ed9ng, \u0111\u1ecbnh h\u01b0\u1edbng ph\u00e1t tri\u1ec3n h\u1ecdc sinh theo m\u00f4 h\u00ecnh c\u00e1 nh\u00e2n h\u00f3a v\u00e0 \u1ee9ng d\u1ee5ng c\u00f4ng ngh\u1ec7 v\u00e0o gi\u1ea3ng d\u1ea1y. Ng\u01b0\u1eddi \u0111\u1ee9ng \u0111\u1ea7u [&hellip;]\" \/>\n<meta property=\"og:url\" content=\"https:\/\/soizy.education\/?page_id=13\" \/>\n<meta property=\"og:site_name\" content=\"SO IZY EDUCATION\" \/>\n<meta property=\"article:modified_time\" content=\"2026-02-26T07:40:21+00:00\" \/>\n<meta property=\"og:image\" content=\"https:\/\/soizy.education\/wp-content\/uploads\/2026\/02\/tranthimyan-2.png\" \/>\n\t<meta property=\"og:image:width\" content=\"500\" \/>\n\t<meta property=\"og:image:height\" content=\"500\" \/>\n\t<meta property=\"og:image:type\" content=\"image\/png\" \/>\n<meta name=\"twitter:card\" content=\"summary_large_image\" \/>\n<meta name=\"twitter:label1\" content=\"Est. reading time\" \/>\n\t<meta name=\"twitter:data1\" content=\"3 minutes\" \/>\n<script type=\"application\/ld+json\" class=\"yoast-schema-graph\">{\"@context\":\"https:\/\/schema.org\",\"@graph\":[{\"@type\":\"WebPage\",\"@id\":\"https:\/\/soizy.education\/?page_id=13\",\"url\":\"https:\/\/soizy.education\/?page_id=13\",\"name\":\"Gi\u1edbi Thi\u1ec7u - SO IZY EDUCATION\",\"isPartOf\":{\"@id\":\"https:\/\/soizy.education\/#website\"},\"primaryImageOfPage\":{\"@id\":\"https:\/\/soizy.education\/?page_id=13#primaryimage\"},\"image\":{\"@id\":\"https:\/\/soizy.education\/?page_id=13#primaryimage\"},\"thumbnailUrl\":\"https:\/\/soizy.education\/wp-content\/uploads\/2026\/02\/tranthimyan-2.png\",\"datePublished\":\"2026-02-24T02:38:29+00:00\",\"dateModified\":\"2026-02-26T07:40:21+00:00\",\"breadcrumb\":{\"@id\":\"https:\/\/soizy.education\/?page_id=13#breadcrumb\"},\"inLanguage\":\"en-US\",\"potentialAction\":[{\"@type\":\"ReadAction\",\"target\":[\"https:\/\/soizy.education\/?page_id=13\"]}]},{\"@type\":\"ImageObject\",\"inLanguage\":\"en-US\",\"@id\":\"https:\/\/soizy.education\/?page_id=13#primaryimage\",\"url\":\"https:\/\/soizy.education\/wp-content\/uploads\/2026\/02\/tranthimyan-2.png\",\"contentUrl\":\"https:\/\/soizy.education\/wp-content\/uploads\/2026\/02\/tranthimyan-2.png\",\"width\":500,\"height\":500},{\"@type\":\"BreadcrumbList\",\"@id\":\"https:\/\/soizy.education\/?page_id=13#breadcrumb\",\"itemListElement\":[{\"@type\":\"ListItem\",\"position\":1,\"name\":\"Home\",\"item\":\"https:\/\/soizy.education\/\"},{\"@type\":\"ListItem\",\"position\":2,\"name\":\"Gi\u1edbi Thi\u1ec7u\"}]},{\"@type\":\"WebSite\",\"@id\":\"https:\/\/soizy.education\/#website\",\"url\":\"https:\/\/soizy.education\/\",\"name\":\"SO IZY EDUCATION\",\"description\":\"SO IZY EDUCATION l\u00e0 h\u1ec7 th\u1ed1ng trung t\u00e2m gi\u00e1o d\u1ee5c v\u1edbi h\u01a1n 10 n\u0103m ho\u1ea1t \u0111\u1ed9ng, \u0111\u1ecbnh h\u01b0\u1edbng ph\u00e1t tri\u1ec3n h\u1ecdc sinh theo m\u00f4 h\u00ecnh c\u00e1 nh\u00e2n h\u00f3a v\u00e0 \u1ee9ng d\u1ee5ng c\u00f4ng ngh\u1ec7 v\u00e0o gi\u1ea3ng d\u1ea1y. Ng\u01b0\u1eddi \u0111\u1ee9ng \u0111\u1ea7u h\u1ec7 th\u1ed1ng l\u00e0 Tr\u1ea7n Th\u1ecb M\u1ef9 An \u2013 nh\u00e0 s\u00e1ng l\u1eadp v\u1edbi t\u1ea7m nh\u00ecn x\u00e2y d\u1ef1ng m\u00f4i tr\u01b0\u1eddng h\u1ecdc t\u1eadp ch\u1ee7 \u0111\u1ed9ng, hi\u1ec7n \u0111\u1ea1i v\u00e0 t\u1ea1o ra s\u1ef1 thay \u0111\u1ed5i t\u00edch c\u1ef1c cho t\u1eebng h\u1ecdc sinh.\",\"publisher\":{\"@id\":\"https:\/\/soizy.education\/#organization\"},\"potentialAction\":[{\"@type\":\"SearchAction\",\"target\":{\"@type\":\"EntryPoint\",\"urlTemplate\":\"https:\/\/soizy.education\/?s={search_term_string}\"},\"query-input\":{\"@type\":\"PropertyValueSpecification\",\"valueRequired\":true,\"valueName\":\"search_term_string\"}}],\"inLanguage\":\"en-US\"},{\"@type\":\"Organization\",\"@id\":\"https:\/\/soizy.education\/#organization\",\"name\":\"SO IZY EDUCATION\",\"url\":\"https:\/\/soizy.education\/\",\"logo\":{\"@type\":\"ImageObject\",\"inLanguage\":\"en-US\",\"@id\":\"https:\/\/soizy.education\/#\/schema\/logo\/image\/\",\"url\":\"https:\/\/soizy.education\/wp-content\/uploads\/2026\/02\/cropped-So-Izy-Logo-xoa-nen-01-scaled-1.png\",\"contentUrl\":\"https:\/\/soizy.education\/wp-content\/uploads\/2026\/02\/cropped-So-Izy-Logo-xoa-nen-01-scaled-1.png\",\"width\":512,\"height\":512,\"caption\":\"SO IZY EDUCATION\"},\"image\":{\"@id\":\"https:\/\/soizy.education\/#\/schema\/logo\/image\/\"}}]}<\/script>\n<!-- \/ Yoast SEO plugin. -->","yoast_head_json":{"title":"Gi\u1edbi Thi\u1ec7u - SO IZY EDUCATION","robots":{"index":"index","follow":"follow","max-snippet":"max-snippet:-1","max-image-preview":"max-image-preview:large","max-video-preview":"max-video-preview:-1"},"canonical":"https:\/\/soizy.education\/?page_id=13","og_locale":"en_US","og_type":"article","og_title":"Gi\u1edbi Thi\u1ec7u - SO IZY EDUCATION","og_description":"Gi\u1edbi thi\u1ec7u v\u1ec1 SO IZY Education \u2013 H\u1ecdc sinh l\u00e0 trung t\u00e2m c\u1ee7a m\u1ecdi ho\u1ea1t \u0111\u1ed9ng SO IZY Education l\u00e0 h\u1ec7 th\u1ed1ng trung t\u00e2m gi\u00e1o d\u1ee5c v\u1edbi h\u01a1n 10 n\u0103m ho\u1ea1t \u0111\u1ed9ng, \u0111\u1ecbnh h\u01b0\u1edbng ph\u00e1t tri\u1ec3n h\u1ecdc sinh theo m\u00f4 h\u00ecnh c\u00e1 nh\u00e2n h\u00f3a v\u00e0 \u1ee9ng d\u1ee5ng c\u00f4ng ngh\u1ec7 v\u00e0o gi\u1ea3ng d\u1ea1y. Ng\u01b0\u1eddi \u0111\u1ee9ng \u0111\u1ea7u [&hellip;]","og_url":"https:\/\/soizy.education\/?page_id=13","og_site_name":"SO IZY EDUCATION","article_modified_time":"2026-02-26T07:40:21+00:00","og_image":[{"width":500,"height":500,"url":"https:\/\/soizy.education\/wp-content\/uploads\/2026\/02\/tranthimyan-2.png","type":"image\/png"}],"twitter_card":"summary_large_image","twitter_misc":{"Est. reading time":"3 minutes"},"schema":{"@context":"https:\/\/schema.org","@graph":[{"@type":"WebPage","@id":"https:\/\/soizy.education\/?page_id=13","url":"https:\/\/soizy.education\/?page_id=13","name":"Gi\u1edbi Thi\u1ec7u - SO IZY EDUCATION","isPartOf":{"@id":"https:\/\/soizy.education\/#website"},"primaryImageOfPage":{"@id":"https:\/\/soizy.education\/?page_id=13#primaryimage"},"image":{"@id":"https:\/\/soizy.education\/?page_id=13#primaryimage"},"thumbnailUrl":"https:\/\/soizy.education\/wp-content\/uploads\/2026\/02\/tranthimyan-2.png","datePublished":"2026-02-24T02:38:29+00:00","dateModified":"2026-02-26T07:40:21+00:00","breadcrumb":{"@id":"https:\/\/soizy.education\/?page_id=13#breadcrumb"},"inLanguage":"en-US","potentialAction":[{"@type":"ReadAction","target":["https:\/\/soizy.education\/?page_id=13"]}]},{"@type":"ImageObject","inLanguage":"en-US","@id":"https:\/\/soizy.education\/?page_id=13#primaryimage","url":"https:\/\/soizy.education\/wp-content\/uploads\/2026\/02\/tranthimyan-2.png","contentUrl":"https:\/\/soizy.education\/wp-content\/uploads\/2026\/02\/tranthimyan-2.png","width":500,"height":500},{"@type":"BreadcrumbList","@id":"https:\/\/soizy.education\/?page_id=13#breadcrumb","itemListElement":[{"@type":"ListItem","position":1,"name":"Home","item":"https:\/\/soizy.education\/"},{"@type":"ListItem","position":2,"name":"Gi\u1edbi Thi\u1ec7u"}]},{"@type":"WebSite","@id":"https:\/\/soizy.education\/#website","url":"https:\/\/soizy.education\/","name":"SO IZY EDUCATION","description":"SO IZY EDUCATION l\u00e0 h\u1ec7 th\u1ed1ng trung t\u00e2m gi\u00e1o d\u1ee5c v\u1edbi h\u01a1n 10 n\u0103m ho\u1ea1t \u0111\u1ed9ng, \u0111\u1ecbnh h\u01b0\u1edbng ph\u00e1t tri\u1ec3n h\u1ecdc sinh theo m\u00f4 h\u00ecnh c\u00e1 nh\u00e2n h\u00f3a v\u00e0 \u1ee9ng d\u1ee5ng c\u00f4ng ngh\u1ec7 v\u00e0o gi\u1ea3ng d\u1ea1y. Ng\u01b0\u1eddi \u0111\u1ee9ng \u0111\u1ea7u h\u1ec7 th\u1ed1ng l\u00e0 Tr\u1ea7n Th\u1ecb M\u1ef9 An \u2013 nh\u00e0 s\u00e1ng l\u1eadp v\u1edbi t\u1ea7m nh\u00ecn x\u00e2y d\u1ef1ng m\u00f4i tr\u01b0\u1eddng h\u1ecdc t\u1eadp ch\u1ee7 \u0111\u1ed9ng, hi\u1ec7n \u0111\u1ea1i v\u00e0 t\u1ea1o ra s\u1ef1 thay \u0111\u1ed5i t\u00edch c\u1ef1c cho t\u1eebng h\u1ecdc sinh.","publisher":{"@id":"https:\/\/soizy.education\/#organization"},"potentialAction":[{"@type":"SearchAction","target":{"@type":"EntryPoint","urlTemplate":"https:\/\/soizy.education\/?s={search_term_string}"},"query-input":{"@type":"PropertyValueSpecification","valueRequired":true,"valueName":"search_term_string"}}],"inLanguage":"en-US"},{"@type":"Organization","@id":"https:\/\/soizy.education\/#organization","name":"SO IZY EDUCATION","url":"https:\/\/soizy.education\/","logo":{"@type":"ImageObject","inLanguage":"en-US","@id":"https:\/\/soizy.education\/#\/schema\/logo\/image\/","url":"https:\/\/soizy.education\/wp-content\/uploads\/2026\/02\/cropped-So-Izy-Logo-xoa-nen-01-scaled-1.png","contentUrl":"https:\/\/soizy.education\/wp-content\/uploads\/2026\/02\/cropped-So-Izy-Logo-xoa-nen-01-scaled-1.png","width":512,"height":512,"caption":"SO IZY EDUCATION"},"image":{"@id":"https:\/\/soizy.education\/#\/schema\/logo\/image\/"}}]}},"_links":{"self":[{"href":"https:\/\/soizy.education\/index.php?rest_route=\/wp\/v2\/pages\/13","targetHints":{"allow":["GET"]}}],"collection":[{"href":"https:\/\/soizy.education\/index.php?rest_route=\/wp\/v2\/pages"}],"about":[{"href":"https:\/\/soizy.education\/index.php?rest_route=\/wp\/v2\/types\/page"}],"author":[{"embeddable":true,"href":"https:\/\/soizy.education\/index.php?rest_route=\/wp\/v2\/users\/1"}],"replies":[{"embeddable":true,"href":"https:\/\/soizy.education\/index.php?rest_route=%2Fwp%2Fv2%2Fcomments&post=13"}],"version-history":[{"count":25,"href":"https:\/\/soizy.education\/index.php?rest_route=\/wp\/v2\/pages\/13\/revisions"}],"predecessor-version":[{"id":285,"href":"https:\/\/soizy.education\/index.php?rest_route=\/wp\/v2\/pages\/13\/revisions\/285"}],"wp:attachment":[{"href":"https:\/\/soizy.education\/index.php?rest_route=%2Fwp%2Fv2%2Fmedia&parent=13"}],"curies":[{"name":"wp","href":"https:\/\/api.w.org\/{rel}","templated":true}]}}